{"id":56,"date":"2021-04-13T16:01:25","date_gmt":"2021-04-13T14:01:25","guid":{"rendered":"http:\/\/www.noxa.it\/wordpress\/?page_id=56"},"modified":"2021-05-18T19:22:44","modified_gmt":"2021-05-18T17:22:44","slug":"video-perizia","status":"publish","type":"page","link":"http:\/\/www.noxa.it\/wordpress\/video-perizia\/","title":{"rendered":"Video-Perizia"},"content":{"rendered":"\n<figure class=\"wp-block-table\"><table><tbody><tr><td>La Video Perizia \u00e8&nbsp;un servizio che consente la gestione della perizia da remoto, grazie all&#8217;utilizzo delle nuove tecnologie. <br>I vantaggi sono rappresentati dalla minore invasivit\u00e0, dalla buona percezione del servizio da parte dell\u2019assicurato e dalla riduzione dei tempi di gestione della sinistro.<br>Il nostro software proprietario <strong>Easy Loss Adjustment<\/strong> \u00e8 stato concepito per la minore invasivit\u00e0 e per consentire agli assicurati l\u2019utilizzo di qualsiasi App per videochiamata gi\u00e0 presente sui loro dispositivi e gi\u00e0 normalmente utilizzata, senza necessit\u00e0 di installazioni sugli apparati mobili.&nbsp;&nbsp;&nbsp;&nbsp;&nbsp;&nbsp; <br>La geo-localizzazione della chiamata avviene mediante invio un URL che utilizza, in sequenza scalare, GPS, IP e triangolazione celle GSM. <\/td><\/tr><\/tbody><\/table><\/figure>\n\n\n\n<p>Il sistema<strong> Easy Loss Adjustmen<\/strong>t:<\/p>\n\n\n\n<ul><li>\u00e8 il meno invasivo, il pi\u00f9 facile ed il pi\u00f9 gradito agli assicurati<\/li><li>ha una penetrazione superiore al 90%, inarrivabile per qualsiasi modello che preveda l\u2019installazione di un\u2019app dedicata<\/li><li>ha un triplo sistema di geo-localizzazione,&nbsp; a prova di \u201cfake gps\u201d<\/li><li>mette a disposizione della compagnia la video-registrazione dell\u2019intero processo di perizia, dalla raccolta del consenso legale all\u2019accordo sull\u2019indennizzo<\/li><li>\u00e8 affiancato da pagine web sicure a disposizione dell\u2019assicurato per upload e inserimento dati<\/li><li>offre al cliente un\u2019alta percezione del servizio assicurativo<\/li><\/ul>\n\n\n\n<p>Per le compagnie che ne fanno richiesta, possiamo utilizzare comunque <strong>tutte le app e le piattaforme presenti sul mercato<\/strong>.<\/p>\n\n\n\n<p class=\"has-white-color has-text-color\">spazio<\/p>\n","protected":false},"excerpt":{"rendered":"<p>La Video Perizia \u00e8&nbsp;un servizio che consente la gestione della perizia da remoto, grazie all&#8217;utilizzo delle nuove tecnologie. I vantaggi sono rappresentati dalla minore invasivit\u00e0, dalla buona percezione del servizio da parte dell\u2019assicurato e dalla riduzione dei tempi di gestione della sinistro.Il nostro software proprietario Easy Loss Adjustment \u00e8 stato [&hellip;]<\/p>\n","protected":false},"author":1,"featured_media":127,"parent":0,"menu_order":0,"comment_status":"closed","ping_status":"closed","template":"","meta":{"footnotes":""},"_links":{"self":[{"href":"http:\/\/www.noxa.it\/wordpress\/wp-json\/wp\/v2\/pages\/56"}],"collection":[{"href":"http:\/\/www.noxa.it\/wordpress\/wp-json\/wp\/v2\/pages"}],"about":[{"href":"http:\/\/www.noxa.it\/wordpress\/wp-json\/wp\/v2\/types\/page"}],"author":[{"embeddable":true,"href":"http:\/\/www.noxa.it\/wordpress\/wp-json\/wp\/v2\/users\/1"}],"replies":[{"embeddable":true,"href":"http:\/\/www.noxa.it\/wordpress\/wp-json\/wp\/v2\/comments?post=56"}],"version-history":[{"count":8,"href":"http:\/\/www.noxa.it\/wordpress\/wp-json\/wp\/v2\/pages\/56\/revisions"}],"predecessor-version":[{"id":215,"href":"http:\/\/www.noxa.it\/wordpress\/wp-json\/wp\/v2\/pages\/56\/revisions\/215"}],"wp:featuredmedia":[{"embeddable":true,"href":"http:\/\/www.noxa.it\/wordpress\/wp-json\/wp\/v2\/media\/127"}],"wp:attachment":[{"href":"http:\/\/www.noxa.it\/wordpress\/wp-json\/wp\/v2\/media?parent=56"}],"curies":[{"name":"wp","href":"https:\/\/api.w.org\/{rel}","templated":true}]}}